{"id":13596,"date":"2020-09-30T13:24:04","date_gmt":"2020-09-30T11:24:04","guid":{"rendered":"http:\/\/smwroclaw.pl\/?page_id=13596"},"modified":"2020-09-30T14:01:13","modified_gmt":"2020-09-30T12:01:13","slug":"konkursy-2","status":"publish","type":"page","link":"https:\/\/smwroclaw.pl\/?page_id=13596","title":{"rendered":"Konkursy"},"content":{"rendered":"\t\t<div data-elementor-type=\"wp-page\" data-elementor-id=\"13596\" class=\"elementor elementor-13596\">\n\t\t\t\t\t\t\t\t\t<section class=\"elementor-section elementor-top-section elementor-element elementor-element-a7f9ff7 elementor-section-boxed elementor-section-height-default elementor-section-height-default\" data-id=\"a7f9ff7\" data-element_type=\"section\">\n\t\t\t\t\t\t<div class=\"elementor-container elementor-column-gap-default\">\n\t\t\t\t\t<div class=\"elementor-column elementor-col-100 elementor-top-column elementor-element elementor-element-9eec952\" data-id=\"9eec952\" data-element_type=\"column\">\n\t\t\t<div class=\"elementor-widget-wrap elementor-element-populated\">\n\t\t\t\t\t\t\t\t<div class=\"elementor-element elementor-element-7df7a46 elementor-invisible elementor-widget elementor-widget-heading\" data-id=\"7df7a46\" data-element_type=\"widget\" data-settings=\"{&quot;_animation&quot;:&quot;zoomIn&quot;}\" data-widget_type=\"heading.default\">\n\t\t\t\t<div class=\"elementor-widget-container\">\n\t\t\t<h2 class=\"elementor-heading-title elementor-size-xxl\"><a href=\"https:\/\/smwroclaw.pl\/?page_id=13605\">Konkurs plastyczny: B\u0104D\u0179 WIDOCZNY - NO\u015a ODBLASKI<\/a><\/h2>\t\t<\/div>\n\t\t\t\t<\/div>\n\t\t\t\t\t<\/div>\n\t\t<\/div>\n\t\t\t\t\t\t\t<\/div>\n\t\t<\/section>\n\t\t\t\t\t\t\t<\/div>\n\t\t","protected":false},"excerpt":{"rendered":"<p>Konkurs plastyczny: B\u0104D\u0179 WIDOCZNY &#8211; NO\u015a ODBLASKI<\/p>\n","protected":false},"author":4,"featured_media":0,"parent":0,"menu_order":0,"comment_status":"closed","ping_status":"closed","template":"","meta":{"footnotes":""},"class_list":["post-13596","page","type-page","status-publish","hentry"],"_links":{"self":[{"href":"https:\/\/smwroclaw.pl\/index.php?rest_route=\/wp\/v2\/pages\/13596","targetHints":{"allow":["GET"]}}],"collection":[{"href":"https:\/\/smwroclaw.pl\/index.php?rest_route=\/wp\/v2\/pages"}],"about":[{"href":"https:\/\/smwroclaw.pl\/index.php?rest_route=\/wp\/v2\/types\/page"}],"author":[{"embeddable":true,"href":"https:\/\/smwroclaw.pl\/index.php?rest_route=\/wp\/v2\/users\/4"}],"replies":[{"embeddable":true,"href":"https:\/\/smwroclaw.pl\/index.php?rest_route=%2Fwp%2Fv2%2Fcomments&post=13596"}],"version-history":[{"count":7,"href":"https:\/\/smwroclaw.pl\/index.php?rest_route=\/wp\/v2\/pages\/13596\/revisions"}],"predecessor-version":[{"id":13617,"href":"https:\/\/smwroclaw.pl\/index.php?rest_route=\/wp\/v2\/pages\/13596\/revisions\/13617"}],"wp:attachment":[{"href":"https:\/\/smwroclaw.pl\/index.php?rest_route=%2Fwp%2Fv2%2Fmedia&parent=13596"}],"curies":[{"name":"wp","href":"https:\/\/api.w.org\/{rel}","templated":true}]}}