{"id":13605,"date":"2020-09-30T13:48:36","date_gmt":"2020-09-30T11:48:36","guid":{"rendered":"http:\/\/smwroclaw.pl\/?page_id=13605"},"modified":"2021-11-03T13:13:33","modified_gmt":"2021-11-03T12:13:33","slug":"konkurs-plastyczny-badz-widoczny-nos-odblaski","status":"publish","type":"page","link":"https:\/\/smwroclaw.pl\/?page_id=13605","title":{"rendered":"Konkurs plastyczny: B\u0104D\u0179 WIDOCZNY &#8211; NO\u015a ODBLASKI"},"content":{"rendered":"<h2><a href=\"https:\/\/smwroclaw.pl\/wp-content\/uploads\/2021\/11\/Konkurs-plastyczny-BADZ-WIDOCZNY-%E2%80%93-NOS-ODBLASKI-2021.pdf\">REGULAMIN KONKURS<\/a><\/h2>\n<h2><a href=\"https:\/\/smwroclaw.pl\/wp-content\/uploads\/2021\/11\/Konkurs-plastyczny-BADZ-WIDOCZNY-\u2013-Oswiadczenie2021.pdf\">O\u015aWIADCZENIE<\/a><\/h2>\n<p><img fetchpriority=\"high\" decoding=\"async\" class=\"aligncenter\" src=\"https:\/\/smwroclaw.pl\/wp-content\/uploads\/2021\/11\/plakat-ODBLASKI2021-przedluzony-termin-1-768x1086.jpg\" sizes=\"(max-width: 768px) 100vw, 768px\" srcset=\"https:\/\/smwroclaw.pl\/wp-content\/uploads\/2021\/11\/plakat-ODBLASKI2021-przedluzony-termin-1-768x1086.jpg 768w, https:\/\/smwroclaw.pl\/wp-content\/uploads\/2021\/11\/plakat-ODBLASKI2021-przedluzony-termin-1-212x300.jpg 212w, https:\/\/smwroclaw.pl\/wp-content\/uploads\/2021\/11\/plakat-ODBLASKI2021-przedluzony-termin-1-1086x1536.jpg 1086w, https:\/\/smwroclaw.pl\/wp-content\/uploads\/2021\/11\/plakat-ODBLASKI2021-przedluzony-termin-1.jpg 1414w\" alt=\"\" width=\"768\" height=\"1086\" \/><\/p>\n","protected":false},"excerpt":{"rendered":"<p>REGULAMIN KONKURS O\u015aWIADCZENIE<\/p>\n","protected":false},"author":4,"featured_media":0,"parent":0,"menu_order":0,"comment_status":"closed","ping_status":"closed","template":"","meta":{"footnotes":""},"class_list":["post-13605","page","type-page","status-publish","hentry"],"_links":{"self":[{"href":"https:\/\/smwroclaw.pl\/index.php?rest_route=\/wp\/v2\/pages\/13605","targetHints":{"allow":["GET"]}}],"collection":[{"href":"https:\/\/smwroclaw.pl\/index.php?rest_route=\/wp\/v2\/pages"}],"about":[{"href":"https:\/\/smwroclaw.pl\/index.php?rest_route=\/wp\/v2\/types\/page"}],"author":[{"embeddable":true,"href":"https:\/\/smwroclaw.pl\/index.php?rest_route=\/wp\/v2\/users\/4"}],"replies":[{"embeddable":true,"href":"https:\/\/smwroclaw.pl\/index.php?rest_route=%2Fwp%2Fv2%2Fcomments&post=13605"}],"version-history":[{"count":36,"href":"https:\/\/smwroclaw.pl\/index.php?rest_route=\/wp\/v2\/pages\/13605\/revisions"}],"predecessor-version":[{"id":19973,"href":"https:\/\/smwroclaw.pl\/index.php?rest_route=\/wp\/v2\/pages\/13605\/revisions\/19973"}],"wp:attachment":[{"href":"https:\/\/smwroclaw.pl\/index.php?rest_route=%2Fwp%2Fv2%2Fmedia&parent=13605"}],"curies":[{"name":"wp","href":"https:\/\/api.w.org\/{rel}","templated":true}]}}